{"id":26075,"date":"2022-03-29T15:19:55","date_gmt":"2022-03-29T13:19:55","guid":{"rendered":"https:\/\/dreamscapegeneva.com\/?page_id=26075"},"modified":"2024-06-27T17:22:34","modified_gmt":"2024-06-27T15:22:34","slug":"press","status":"publish","type":"page","link":"https:\/\/dreamscapegeneva.com\/fr\/press\/","title":{"rendered":"PRESS"},"content":{"rendered":"<p>[et_pb_section fb_built=\u00a0\u00bb1&Prime; _builder_version=\u00a0\u00bb4.16&Prime; _module_preset=\u00a0\u00bbdefault\u00a0\u00bb global_colors_info=\u00a0\u00bb{}\u00a0\u00bb][et_pb_row _builder_version=\u00a0\u00bb4.16&Prime; _module_preset=\u00a0\u00bbdefault\u00a0\u00bb custom_margin=\u00a0\u00bb60px|auto||auto||\u00a0\u00bb custom_margin_tablet=\u00a0\u00bb0px||||false|false\u00a0\u00bb custom_margin_phone=\u00a0\u00bb0px||||false|false\u00a0\u00bb custom_margin_last_edited=\u00a0\u00bbon|tablet\u00a0\u00bb global_colors_info=\u00a0\u00bb{}\u00a0\u00bb][et_pb_column type=\u00a0\u00bb4_4&Prime; _builder_version=\u00a0\u00bb4.16&Prime; _module_preset=\u00a0\u00bbdefault\u00a0\u00bb global_colors_info=\u00a0\u00bb{}\u00a0\u00bb][et_pb_image src=\u00a0\u00bbhttps:\/\/dreamscapegeneva.com\/wp-content\/uploads\/2022\/05\/Dreamscape_Logo-1-300&#215;149.png\u00a0\u00bb title_text=\u00a0\u00bbDreamscape_Logo\u00a0\u00bb align=\u00a0\u00bbright\u00a0\u00bb align_tablet=\u00a0\u00bbcenter\u00a0\u00bb align_phone=\u00a0\u00bbcenter\u00a0\u00bb align_last_edited=\u00a0\u00bbon|desktop\u00a0\u00bb admin_label=\u00a0\u00bbImage\u00a0\u00bb module_class=\u00a0\u00bbpress-logo\u00a0\u00bb _builder_version=\u00a0\u00bb4.16&Prime; _module_preset=\u00a0\u00bbdefault\u00a0\u00bb height=\u00a0\u00bb92px\u00a0\u00bb custom_margin=\u00a0\u00bb|||50px|false|false\u00a0\u00bb custom_margin_tablet=\u00a0\u00bb|||0px|false|false\u00a0\u00bb custom_margin_phone=\u00a0\u00bb|||0px|false|false\u00a0\u00bb custom_margin_last_edited=\u00a0\u00bbon|tablet\u00a0\u00bb global_colors_info=\u00a0\u00bb{}\u00a0\u00bb custom_css_main_element_last_edited=\u00a0\u00bbon|desktop\u00a0\u00bb][\/et_pb_image][et_pb_text _builder_version=\u00a0\u00bb4.16&Prime; _module_preset=\u00a0\u00bbdefault\u00a0\u00bb header_2_font=\u00a0\u00bbBrother Bold||||||||\u00a0\u00bb header_2_font_size=\u00a0\u00bb44px\u00a0\u00bb header_2_font_size_tablet=\u00a0\u00bb26px\u00a0\u00bb header_2_font_size_phone=\u00a0\u00bb26px\u00a0\u00bb header_2_font_size_last_edited=\u00a0\u00bbon|desktop\u00a0\u00bb global_colors_info=\u00a0\u00bb{}\u00a0\u00bb]<\/p>\n<h2>PRESSE<\/h2>\n<p>[\/et_pb_text][et_pb_text _builder_version=\u00a0\u00bb4.16&Prime; _module_preset=\u00a0\u00bbdefault\u00a0\u00bb text_text_color=\u00a0\u00bbrgba(27,27,27,0.6)\u00a0\u00bb global_colors_info=\u00a0\u00bb{}\u00a0\u00bb]<\/p>\n<p class=\"p1\">Des choses passionnantes se passent chez Dreamscape. Veuillez contacter notre \u00e9quipe de presse pour toute question \u00e0<span class=\"Apple-converted-space\">\u00a0<\/span><a href=\"mailto:media@dreamscapegeneva.com\">media@dreamscapegeneva.com.<\/a><\/p>\n<p class=\"p1\">Communiqu\u00e9, photographies libres de droit et dossier de presse, disponibles sur notre <a href=\"https:\/\/news.cision.com\/fr\/dreamscapegeneva\" target=\"_blank\" rel=\"noopener\">news room<\/a>.<\/p>\n<p>&nbsp;<\/p>\n<p>[\/et_pb_text][et_pb_text admin_label=\u00a0\u00bbText\u00a0\u00bb _builder_version=\u00a0\u00bb4.16&Prime; _module_preset=\u00a0\u00bbdefault\u00a0\u00bb text_text_color=\u00a0\u00bbrgba(27,27,27,0.6)\u00a0\u00bb global_colors_info=\u00a0\u00bb{}\u00a0\u00bb]<\/p>\n<h6>REVUE DE PRESSE<\/h6>\n<p><a href=\"https:\/\/www.bilan.ch\/story\/le-premier-centre-de-realite-virtuelle-immersive-deurope-inaugure-a-geneve-306914245177\" target=\"_blank\" rel=\"noopener\"><strong>Bilan Magazine <\/strong><\/a>(02.09.22)<\/p>\n<p><strong><a href=\"https:\/\/www.lfm.ch\/podcasts\/le-6-9-lfm-linvitee-du-6-9-31082022-0821-090738\/\" target=\"_blank\" rel=\"noopener\">LFM La Radio<\/a><\/strong> (31.08.22)<\/p>\n<p><a href=\"https:\/\/www.ictjournal.ch\/news\/2022-08-24\/le-metavers-sinvite-en-une-dictjournal\"><b>ICT Journal<\/b><\/a> (24.08.22)<\/p>\n<p><a href=\"https:\/\/genevelesportes.ch\/dreamscape-en-immersion-futur-geneve-1850\/\" target=\"_blank\" rel=\"noopener\"><strong>Gen\u00e8ve Les Portes <\/strong><\/a>(12.07.22)<\/p>\n<p><a href=\"https:\/\/www.rts.ch\/video\/info\/journal-19h30\/13237153-dreamscape-propose-une-balade-a-geneve-en-1850-grace-a-la-realite-augmentee.html\" target=\"_blank\" rel=\"noopener\"><strong>Radio T\u00e9l\u00e9vision Suisse &#8211; 19:30 <\/strong><\/a>(11.07.22)<\/p>\n<p><a href=\"https:\/\/cominmag.ch\/141765-2\/\" target=\"_blank\" rel=\"noopener\"><strong>Comingmag <\/strong><\/a>(07.07.22)<\/p>\n<p><a href=\"https:\/\/www.radiolac.ch\/geneve\/au-coeur-des-rues-basses-un-centre-de-realite-virtuelle-voit-le-jour\/\" target=\"_blank\" rel=\"noopener\"><strong>Radio Lac <\/strong><\/a>(05.07.22)<\/p>\n<p><a href=\"https:\/\/www.ledauphine.com\/culture-loisirs\/2022\/07\/05\/dreamscape-entre-cine-et-parc-d-attractions-premiere-europeenne-a-geneve\" target=\"_blank\" rel=\"noopener\"><strong>Dauphin\u00e9 lib\u00e9r\u00e9 <\/strong><\/a>(05.07.22) \/ <a href=\"https:\/\/dreamscapegeneva.com\/wp-content\/uploads\/2022\/07\/1-Dauphine\u0301.pdf\" target=\"_blank\" rel=\"noopener\">PDF<\/a><strong><br \/><\/strong><\/p>\n<p><a href=\"https:\/\/cominmag.ch\/dreamscape-reinvente-le-divertissement-grace-a-la-vr\/\" target=\"_blank\" rel=\"noopener\"><strong>Cominmag.ch <\/strong><\/a>(04.07.22)<\/p>\n<p><a href=\"https:\/\/www.20min.ch\/fr\/video\/plongee-virtuelle-dans-le-passe-ou-dans-des-mondes-imaginaires-329945832640\" target=\"_blank\" rel=\"noopener\"><strong>20minutes.ch <\/strong><\/a>(04.07.22)<\/p>\n<p><a href=\"https:\/\/www.24heures.ch\/on-a-teste-le-nouveau-centre-dreamscape-pour-vous-482651854254\" target=\"_blank\" rel=\"noopener\"><strong>24 heures <\/strong><\/a>(04.07.22)<strong><br \/><\/strong><\/p>\n<p><a href=\"https:\/\/www.tdg.ch\/on-a-teste-le-nouveau-centre-dreamscape-pour-vous-482651854254\" target=\"_blank\" rel=\"noopener\"><strong>Tribune de Gen\u00e8ve <\/strong><\/a>(04.07.22) \/ <a href=\"https:\/\/dreamscapegeneva.com\/wp-content\/uploads\/2022\/07\/2-TDG.pdf\" target=\"_blank\" rel=\"noopener\">PDF<\/a><strong><br \/><\/strong><\/p>\n<p><a href=\"https:\/\/agefi.com\/actualites\/entreprises\/plus-dun-million-de-francs-100-genevois-pour-le-premier-dreamscape-deurope\" target=\"_blank\" rel=\"noopener\"><strong>L\u2019AGEFI <\/strong><\/a>(27.06.22)<strong><br \/><\/strong><\/p>\n<p><strong><a href=\"https:\/\/www.letemps.ch\/culture\/un-temple-realite-virtuelle-ouvre-geneve\" target=\"_blank\" rel=\"noopener\">Le Temps<\/a>\u00a0<\/strong>(24.06.22) \/ <a href=\"https:\/\/dreamscapegeneva.com\/wp-content\/uploads\/2022\/07\/3-Le-Temps.pdf\" target=\"_blank\" rel=\"noopener\">PDF<\/a><strong><br \/><\/strong><\/p>\n<p><a href=\"https:\/\/www.24heures.ch\/la-pionniere-de-la-realite-virtuelle-revient-a-geneve-687236261184\" target=\"_blank\" rel=\"noopener\"><strong>24 heures <\/strong><\/a>(28.05.22)<\/p>\n<p><a href=\"https:\/\/www.tdg.ch\/la-pionniere-de-la-realite-virtuelle-revient-a-geneve-687236261184\" target=\"_blank\" rel=\"noopener\"><strong>Tribune de Gen\u00e8ve <\/strong><\/a>(28.05.22) \/ <a href=\"https:\/\/dreamscapegeneva.com\/wp-content\/uploads\/2022\/07\/4-TDG.pdf\" target=\"_blank\" rel=\"noopener\">PDF<\/a><strong><br \/><\/strong><\/p>\n<p><a href=\"https:\/\/www.rts.ch\/audio-podcast\/2022\/audio\/comment-les-villes-suisses-se-sont-preparees-au-week-end-de-l-ascension-25826188.html\" target=\"_blank\" rel=\"noopener\"><strong>RTS \u2013 Forum <\/strong><\/a>(25.05.22)<\/p>\n<p><a href=\"https:\/\/www.ledauphine.com\/culture-loisirs\/2022\/05\/26\/unique-en-europe-un-cinema-de-realite-virtuelle-va-bientot-ouvrir-a-geneve\" target=\"_blank\" rel=\"noopener\"><strong>Dauphin\u00e9 Lib\u00e9r\u00e9 <\/strong><\/a>(26.05.22)<\/p>\n<p><a href=\"https:\/\/www.loisirs.ch\/loisirs\/31212\/dreamscape\" target=\"_blank\" rel=\"noopener\"><strong>Loisirs.ch <\/strong><\/a>(25.05.22)<\/p>\n<p><a href=\"https:\/\/www.ictjournal.ch\/news\/2022-05-25\/dreamscape-ouvre-a-geneve-son-premier-centre-europeen-de-realite-virtuelle\" target=\"_blank\" rel=\"noopener\"><strong>ICT journal <\/strong><\/a>(25.05.22)<strong><br \/><\/strong><\/p>\n<p><a href=\"https:\/\/www.tdg.ch\/ouverture-dun-espace-de-realite-virtuelle-a-confederation-centre-944240236440\" target=\"_blank\" rel=\"noopener\"><strong>Tribune de Gen\u00e8ve <\/strong><\/a>(25.05.22) \/ <a href=\"https:\/\/dreamscapegeneva.com\/wp-content\/uploads\/2022\/07\/5-TDG.pdf\" target=\"_blank\" rel=\"noopener\">PDF<\/a><strong><br \/><\/strong><\/p>\n<p><a href=\"https:\/\/www.startupticker.ch\/en\/news\/un-centre-de-realite-virtuelle-dreamscape-ouvre-a-geneve\"><strong>Startuptiker <\/strong><\/a>(24.05.22)<strong><br \/><\/strong><\/p>\n<p><a href=\"https:\/\/cominmag.ch\/dreamscape-va-ouvrir-un-centre-de-realite-virtuelle-immersive-a-geneve\/\"><strong>Cominmag <\/strong><\/a>(24.05.22)<strong><br \/><\/strong><\/p>\n<p><a href=\"https:\/\/www.lemanbleu.ch\/fr\/Actualites\/Geneve\/20230323149483-Quand-la-haute-horlogerie-rencontre-la-realite-virtuelle.html\"><strong>L\u00e9man Bleu<\/strong><\/a> (23.03.2023)<\/p>\n<p><a href=\"https:\/\/dreamscapegeneva.com\/wp-content\/uploads\/2023\/04\/FEM_2023_13_p019-on_s_fait_plaisir-FEM.pdf\"><strong>Femina<\/strong><\/a> (27.03.23) \/ <a href=\"https:\/\/dreamscapegeneva.com\/wp-content\/uploads\/2023\/04\/FEM_2023_13_p019-on_s_fait_plaisir-FEM.pdf\">PDF<\/a><\/p>\n<p><a href=\"https:\/\/www.tdg.ch\/une-experience-de-realite-virtuelle-consacree-a-lhorlogerie-574779930499\"><strong>Tribune de Gen\u00e8ve<\/strong> <\/a>(23.03.23) \/ <a href=\"https:\/\/dreamscapegeneva.com\/wp-content\/uploads\/2023\/04\/Toute_l_edition_Tribune_de_Geneve_2023-03-24.pdf\">PDF<\/a><\/p>\n<p><a href=\"https:\/\/radiocite.ch\/2023\/03\/23\/linvite-depiphane-23-03-2023-caecilia-charbonnier-stefano-maddalena\/\"><strong>Radio Cit\u00e9<\/strong> <\/a>(23.03.23)<\/p>\n<p><a href=\"https:\/\/genevelesportes.ch\/dans-la-foret-mecanique-dreamscape-et-audemars-piguet-font-des-etincelles\/\"><strong>Gen\u00e8ve Les Portes<\/strong><\/a> (21.03.23)<\/p>\n<p>[\/et_pb_text][\/et_pb_column][\/et_pb_row][\/et_pb_section]<\/p>\n","protected":false},"excerpt":{"rendered":"<p>PRESSEDes choses passionnantes se passent chez Dreamscape. Veuillez contacter notre \u00e9quipe de presse pour toute question \u00e0\u00a0media@dreamscapegeneva.com. Communiqu\u00e9, photographies libres de droit et dossier de presse, disponibles sur notre news room. &nbsp;REVUE DE PRESSE Bilan Magazine (02.09.22) LFM La Radio (31.08.22) ICT Journal (24.08.22) Gen\u00e8ve Les Portes (12.07.22) Radio T\u00e9l\u00e9vision Suisse &#8211; 19:30 (11.07.22) Comingmag [&hellip;]<\/p>\n","protected":false},"author":2,"featured_media":26202,"parent":0,"menu_order":0,"comment_status":"closed","ping_status":"closed","template":"","meta":{"_et_pb_use_builder":"on","_et_pb_old_content":"[et_pb_section fb_built=\"1\" _builder_version=\"4.14.7\" _module_preset=\"default\" global_colors_info=\"{}\"][et_pb_row _builder_version=\"4.14.7\" _module_preset=\"default\" hover_enabled=\"0\" global_colors_info=\"{}\" custom_margin=\"60px|auto||auto||\" custom_margin_last_edited=\"on|tablet\" sticky_enabled=\"0\" custom_margin_tablet=\"0px||||false|false\" custom_margin_phone=\"0px||||false|false\"][et_pb_column type=\"4_4\" _builder_version=\"4.14.7\" _module_preset=\"default\" global_colors_info=\"{}\"][et_pb_image src=\"https:\/\/dreamscapegeneva.com\/wp-content\/uploads\/2022\/03\/global-assets-logo-logo-stacked-black.svg\" title_text=\"global-assets-logo-logo-stacked-black\" align=\"right\" align_tablet=\"center\" align_phone=\"center\" align_last_edited=\"on|desktop\" admin_label=\"Image\" module_class=\"press-logo\" _builder_version=\"4.14.7\" _module_preset=\"default\" custom_margin=\"|||50px|false|false\" custom_margin_tablet=\"|||0px|false|false\" custom_margin_phone=\"|||0px|false|false\" custom_margin_last_edited=\"on|tablet\" global_colors_info=\"{}\" custom_css_main_element_last_edited=\"on|desktop\"][\/et_pb_image][et_pb_text _builder_version=\"4.14.7\" _module_preset=\"default\" header_2_font=\"Brother Bold||||||||\" header_2_font_size=\"44px\" header_2_font_size_tablet=\"26px\" header_2_font_size_phone=\"26px\" header_2_font_size_last_edited=\"on|desktop\" global_colors_info=\"{}\"]\r\n<h2>PRESS<\/h2>\r\n[\/et_pb_text][et_pb_text _builder_version=\"4.14.7\" _module_preset=\"default\" text_text_color=\"rgba(27,27,27,0.6)\" global_colors_info=\"{}\"]\r\n\r\nExciting things are happening at Dreamscape. Please contact our press team with any inquiries at <a href=\"mailto:media@dreamscapegeneva.com\">media@dreamscapegeneva.com.<\/a>\r\n\r\nCurious what people are saying about Dreamscape? Check out our media kit.\r\n\r\n\u00a0\r\n\r\n\u00a0\r\n\r\n[\/et_pb_text][\/et_pb_column][\/et_pb_row][\/et_pb_section]","_et_gb_content_width":"","inline_featured_image":false,"footnotes":""},"class_list":["post-26075","page","type-page","status-publish","has-post-thumbnail","hentry"],"yoast_head":"<!-- This site is optimized with the Yoast SEO plugin v20.5 - https:\/\/yoast.com\/wordpress\/plugins\/seo\/ -->\n<title>Dreamscape Geneva - Une Exp\u00e9rience de R\u00e9alit\u00e9 Virtuelle Pas Comme les Autres | Presse<\/title>\n<meta name=\"description\" content=\"Des choses passionnantes se passent chez Dreamscape. Contactez notre \u00e9quipe de presse pour toute demande de renseignements et consultez notre derni\u00e8re couverture m\u00e9diatique.\" \/>\n<meta name=\"robots\" content=\"index, follow, max-snippet:-1, max-image-preview:large, max-video-preview:-1\" \/>\n<link rel=\"canonical\" href=\"https:\/\/dreamscapegeneva.com\/fr\/press\/\" \/>\n<meta property=\"og:locale\" content=\"fr_FR\" \/>\n<meta property=\"og:type\" content=\"article\" \/>\n<meta property=\"og:title\" content=\"Dreamscape Geneva - Une Exp\u00e9rience de R\u00e9alit\u00e9 Virtuelle Pas Comme les Autres | Presse\" \/>\n<meta property=\"og:description\" content=\"Des choses passionnantes se passent chez Dreamscape. Contactez notre \u00e9quipe de presse pour toute demande de renseignements et consultez notre derni\u00e8re couverture m\u00e9diatique.\" \/>\n<meta property=\"og:url\" content=\"https:\/\/dreamscapegeneva.com\/fr\/press\/\" \/>\n<meta property=\"og:site_name\" content=\"Dreamscape Geneva\" \/>\n<meta property=\"article:modified_time\" content=\"2024-06-27T15:22:34+00:00\" \/>\n<meta property=\"og:image\" content=\"https:\/\/dreamscapegeneva.com\/wp-content\/uploads\/2022\/04\/dreamscape.jpg\" \/>\n\t<meta property=\"og:image:width\" content=\"1200\" \/>\n\t<meta property=\"og:image:height\" content=\"630\" \/>\n\t<meta property=\"og:image:type\" content=\"image\/jpeg\" \/>\n<meta name=\"twitter:card\" content=\"summary_large_image\" \/>\n<meta name=\"twitter:label1\" content=\"Dur\u00e9e de lecture estim\u00e9e\" \/>\n\t<meta name=\"twitter:data1\" content=\"1 minute\" \/>\n<script type=\"application\/ld+json\" class=\"yoast-schema-graph\">{\"@context\":\"https:\/\/schema.org\",\"@graph\":[{\"@type\":\"WebPage\",\"@id\":\"https:\/\/dreamscapegeneva.com\/fr\/press\/\",\"url\":\"https:\/\/dreamscapegeneva.com\/fr\/press\/\",\"name\":\"Dreamscape Geneva - Une Exp\u00e9rience de R\u00e9alit\u00e9 Virtuelle Pas Comme les Autres | Presse\",\"isPartOf\":{\"@id\":\"https:\/\/dreamscapegeneva.com\/fr\/#website\"},\"datePublished\":\"2022-03-29T13:19:55+00:00\",\"dateModified\":\"2024-06-27T15:22:34+00:00\",\"description\":\"Des choses passionnantes se passent chez Dreamscape. Contactez notre \u00e9quipe de presse pour toute demande de renseignements et consultez notre derni\u00e8re couverture m\u00e9diatique.\",\"breadcrumb\":{\"@id\":\"https:\/\/dreamscapegeneva.com\/fr\/press\/#breadcrumb\"},\"inLanguage\":\"fr-FR\",\"potentialAction\":[{\"@type\":\"ReadAction\",\"target\":[\"https:\/\/dreamscapegeneva.com\/fr\/press\/\"]}]},{\"@type\":\"BreadcrumbList\",\"@id\":\"https:\/\/dreamscapegeneva.com\/fr\/press\/#breadcrumb\",\"itemListElement\":[{\"@type\":\"ListItem\",\"position\":1,\"name\":\"Accueil\",\"item\":\"https:\/\/dreamscapegeneva.com\/fr\/\"},{\"@type\":\"ListItem\",\"position\":2,\"name\":\"PRESS\"}]},{\"@type\":\"WebSite\",\"@id\":\"https:\/\/dreamscapegeneva.com\/fr\/#website\",\"url\":\"https:\/\/dreamscapegeneva.com\/fr\/\",\"name\":\"Dreamscape Geneva\",\"description\":\"A Virtual Reality Experience Like No Other\",\"potentialAction\":[{\"@type\":\"SearchAction\",\"target\":{\"@type\":\"EntryPoint\",\"urlTemplate\":\"https:\/\/dreamscapegeneva.com\/fr\/?s={search_term_string}\"},\"query-input\":\"required name=search_term_string\"}],\"inLanguage\":\"fr-FR\"}]}<\/script>\n<!-- \/ Yoast SEO plugin. -->","yoast_head_json":{"title":"Dreamscape Geneva - Une Exp\u00e9rience de R\u00e9alit\u00e9 Virtuelle Pas Comme les Autres | Presse","description":"Des choses passionnantes se passent chez Dreamscape. Contactez notre \u00e9quipe de presse pour toute demande de renseignements et consultez notre derni\u00e8re couverture m\u00e9diatique.","robots":{"index":"index","follow":"follow","max-snippet":"max-snippet:-1","max-image-preview":"max-image-preview:large","max-video-preview":"max-video-preview:-1"},"canonical":"https:\/\/dreamscapegeneva.com\/fr\/press\/","og_locale":"fr_FR","og_type":"article","og_title":"Dreamscape Geneva - Une Exp\u00e9rience de R\u00e9alit\u00e9 Virtuelle Pas Comme les Autres | Presse","og_description":"Des choses passionnantes se passent chez Dreamscape. Contactez notre \u00e9quipe de presse pour toute demande de renseignements et consultez notre derni\u00e8re couverture m\u00e9diatique.","og_url":"https:\/\/dreamscapegeneva.com\/fr\/press\/","og_site_name":"Dreamscape Geneva","article_modified_time":"2024-06-27T15:22:34+00:00","og_image":[{"width":1200,"height":630,"url":"https:\/\/dreamscapegeneva.com\/wp-content\/uploads\/2022\/04\/dreamscape.jpg","type":"image\/jpeg"}],"twitter_card":"summary_large_image","twitter_misc":{"Dur\u00e9e de lecture estim\u00e9e":"1 minute"},"schema":{"@context":"https:\/\/schema.org","@graph":[{"@type":"WebPage","@id":"https:\/\/dreamscapegeneva.com\/fr\/press\/","url":"https:\/\/dreamscapegeneva.com\/fr\/press\/","name":"Dreamscape Geneva - Une Exp\u00e9rience de R\u00e9alit\u00e9 Virtuelle Pas Comme les Autres | Presse","isPartOf":{"@id":"https:\/\/dreamscapegeneva.com\/fr\/#website"},"datePublished":"2022-03-29T13:19:55+00:00","dateModified":"2024-06-27T15:22:34+00:00","description":"Des choses passionnantes se passent chez Dreamscape. Contactez notre \u00e9quipe de presse pour toute demande de renseignements et consultez notre derni\u00e8re couverture m\u00e9diatique.","breadcrumb":{"@id":"https:\/\/dreamscapegeneva.com\/fr\/press\/#breadcrumb"},"inLanguage":"fr-FR","potentialAction":[{"@type":"ReadAction","target":["https:\/\/dreamscapegeneva.com\/fr\/press\/"]}]},{"@type":"BreadcrumbList","@id":"https:\/\/dreamscapegeneva.com\/fr\/press\/#breadcrumb","itemListElement":[{"@type":"ListItem","position":1,"name":"Accueil","item":"https:\/\/dreamscapegeneva.com\/fr\/"},{"@type":"ListItem","position":2,"name":"PRESS"}]},{"@type":"WebSite","@id":"https:\/\/dreamscapegeneva.com\/fr\/#website","url":"https:\/\/dreamscapegeneva.com\/fr\/","name":"Dreamscape Geneva","description":"A Virtual Reality Experience Like No Other","potentialAction":[{"@type":"SearchAction","target":{"@type":"EntryPoint","urlTemplate":"https:\/\/dreamscapegeneva.com\/fr\/?s={search_term_string}"},"query-input":"required name=search_term_string"}],"inLanguage":"fr-FR"}]}},"_links":{"self":[{"href":"https:\/\/dreamscapegeneva.com\/fr\/wp-json\/wp\/v2\/pages\/26075","targetHints":{"allow":["GET"]}}],"collection":[{"href":"https:\/\/dreamscapegeneva.com\/fr\/wp-json\/wp\/v2\/pages"}],"about":[{"href":"https:\/\/dreamscapegeneva.com\/fr\/wp-json\/wp\/v2\/types\/page"}],"author":[{"embeddable":true,"href":"https:\/\/dreamscapegeneva.com\/fr\/wp-json\/wp\/v2\/users\/2"}],"replies":[{"embeddable":true,"href":"https:\/\/dreamscapegeneva.com\/fr\/wp-json\/wp\/v2\/comments?post=26075"}],"version-history":[{"count":26,"href":"https:\/\/dreamscapegeneva.com\/fr\/wp-json\/wp\/v2\/pages\/26075\/revisions"}],"predecessor-version":[{"id":29669,"href":"https:\/\/dreamscapegeneva.com\/fr\/wp-json\/wp\/v2\/pages\/26075\/revisions\/29669"}],"wp:featuredmedia":[{"embeddable":true,"href":"https:\/\/dreamscapegeneva.com\/fr\/wp-json\/wp\/v2\/media\/26202"}],"wp:attachment":[{"href":"https:\/\/dreamscapegeneva.com\/fr\/wp-json\/wp\/v2\/media?parent=26075"}],"curies":[{"name":"wp","href":"https:\/\/api.w.org\/{rel}","templated":true}]}}